{"id":115,"date":"2022-06-02T14:16:04","date_gmt":"2022-06-02T12:16:04","guid":{"rendered":"http:\/\/gregsolinas.fr\/?page_id=115"},"modified":"2026-04-02T18:43:36","modified_gmt":"2026-04-02T16:43:36","slug":"dates-de-concert","status":"publish","type":"page","link":"https:\/\/gregsolinas.fr\/?page_id=115","title":{"rendered":"Dates de concerts&#8230;."},"content":{"rendered":"\n<p><\/p>\n\n\n\n<figure class=\"wp-block-image size-large\"><img loading=\"lazy\" width=\"1024\" height=\"683\" src=\"https:\/\/gregsolinas.fr\/wp-content\/uploads\/2025\/05\/photo-Greg-2024-1024x683.png\" alt=\"\" class=\"wp-image-391\" srcset=\"https:\/\/gregsolinas.fr\/wp-content\/uploads\/2025\/05\/photo-Greg-2024-1024x683.png 1024w, https:\/\/gregsolinas.fr\/wp-content\/uploads\/2025\/05\/photo-Greg-2024-300x200.png 300w, https:\/\/gregsolinas.fr\/wp-content\/uploads\/2025\/05\/photo-Greg-2024-768x512.png 768w, https:\/\/gregsolinas.fr\/wp-content\/uploads\/2025\/05\/photo-Greg-2024-600x400.png 600w, https:\/\/gregsolinas.fr\/wp-content\/uploads\/2025\/05\/photo-Greg-2024.png 1101w\" sizes=\"(max-width: 1024px) 100vw, 1024px\" \/><\/figure>\n\n\n\n<p>13 F\u00e9vrier 2026 Jazz club S3#5 &#8211; Hommage \u00e0 Milt Jackson Prades le lez Salle J brel 19h<\/p>\n\n\n\n<p>14 Fevrier 2026 Greg Solinas 4tet St Cezaire de Gozignan 20h<\/p>\n\n\n\n<p>21 Fevrier 2026 Ut O Pic Jazz Band &#8211; St Dr\u00e9z\u00e9ry Salle Brassens 20h<\/p>\n\n\n\n<p>6 Mars 2026.Ut O Pic jazz Club S3#6 &#8211; Hommage \u00e0 Sarah Vaughan Prades le lez Salle J brel 19h<\/p>\n\n\n\n<p>21 Mars Ut O Pic Jazz Band &#8211; Soir\u00e9e Association Franco Malgache &#8211; fr\u00e9jorgues 20h<\/p>\n\n\n\n<p>10 Avril 2026 Ut O Pic jazz Club S3#7 &#8211; Hommage \u00e0 Tom Harrell Prades le lez Salle J brel 19h<\/p>\n\n\n\n<p>17 Avril 2026 Greg Solinas \u00ab\u00a0Storie senza parolle \u00a0\u00bb sortie de disque Prades le lez Salle J brel 20h<\/p>\n\n\n\n<p>8 Mai 2026 Ut O Pic jazz Club S3#8 concert de cloture du jazz club Salle J Brel Prades le lez 19h<\/p>\n\n\n\n<p>6 Juin 2026 Ut O Pic Jazz Band Clapiers parc Leenhart 18h<\/p>\n\n\n\n<p>20Juin 2026 Greg Solinas Solo &#8211; Tizzano soir\u00e9e priv\u00e9e<\/p>\n\n\n\n<p>23 Juin 2026 Projet Viaghjazz &#8211; Calvi Jazz Festival 20h<\/p>\n\n\n\n<p>08 Juillet 2026 Greg Solinas solo &#8211; Rondinara Chez Ange 18h<\/p>\n\n\n\n<p>18 Jullet 2026 Greg Solinas Solo &#8211; L&rsquo;Alivetu Cuttoli 20h<\/p>\n\n\n\n<p>29 Juillet 2026 Greg Solinas solo &#8211; Rondinara Chez Ange 18h<\/p>\n\n\n\n<p>01 Aout 2026 Greg Solinas Solo &#8211; Le Mandriale Cargh\u00e8se 20h<\/p>\n\n\n\n<p>08 Aout Greg Solinas Solo &#8211; L&rsquo;Alivetu Cuttoli 20h<\/p>\n\n\n\n<p>13 Aout 2026 Greg Solinas &#8211; Fabienne Marcangeli &#8211; Philippe Leiba Cannelle Centuri Chateau Marcantoni 20h30<\/p>\n\n\n\n<p>14 Aout 2026 Greg Solinas Solo &#8211; Le Mandriale Cargh\u00e8se 20h<\/p>\n\n\n\n<p>19 Aout 2026 Greg Solinas solo &#8211; Rondinara Chez Ange 18h<\/p>\n\n\n\n<p>29 Aout 2026 Greg Solinas Solo &#8211; Le Mandriale Cargh\u00e8se<\/p>\n\n\n\n<p><strong>Dates pass\u00e9es <\/strong><\/p>\n\n\n\n<p>11 Avril 2025 Ut O Pic Jazz Club  &#8211; Salle J brel Prades le lez 19h<\/p>\n\n\n\n<p>9 Mai 2025 Ut O Pic Jazz Club &#8211; Soir\u00e9e Big band  &#8211; Salle J brel Prades le lez 19h<\/p>\n\n\n\n<p>16 Mai 2025 Ut O Pic Jazz Band &#8211; Salle Deuzeuze Clapiers 19h<\/p>\n\n\n\n<p>22 Mai 2025 Greg Solinas solo &#8211; Jazz in Aiacciu Citadelle d&rsquo;Ajaccio 20h30<\/p>\n\n\n\n<p>24 Mai 2025 Greg Solinas solo &#8211; Espace Isolella &#8211; F\u00eate de la nature 18h<\/p>\n\n\n\n<p>7 Juin 2025 Ut O Pic Jazz Band Prades le lez 19h Bar de Prades le lez<\/p>\n\n\n\n<p>14 Juin 2025 Greg Solinas Solo &#8211; Concert priv\u00e9 ST Dr\u00e9z\u00e9ry Sortie d&rsquo;album 20h<\/p>\n\n\n\n<p>20 Juin 2025 Greg SOlinas solo &#8211; Show case CDVIBRATION 11h-12h30<\/p>\n\n\n\n<p>21 Juin 2025 Greg Solinas Solo &#8211; A l&rsquo;Ombra Calvi &#8211; 20h30<\/p>\n\n\n\n<p>24 Juin 2025 Greg Solinas Solo &#8211; L&rsquo;Altore Ile Rousse 20h<\/p>\n\n\n\n<p>25 Juin 2025 Greg Solinas Solo &#8211; Calvi Jazz Festival<\/p>\n\n\n\n<p>26 Juin 2025 Greg Solinas Solo &#8211; Les nocturnes de Sart\u00e8ne 20h<\/p>\n\n\n\n<p>28 Juin 2025 Greg Solinas Solo &#8211; Paillote les Tamaris 20h<\/p>\n\n\n\n<p>03 Juillet 2025 Greg Solinas Solo &#8211; Les nocturnes de Sart\u00e8ne 20h<\/p>\n\n\n\n<p>06 Juillet 2025 Greg Solinas Solo &#8211; Le Rustica 20h30<\/p>\n\n\n\n<p>10 Juillet 2025 Greg Solinas Solo &#8211; Les nocturnes de Sart\u00e8ne 20h<\/p>\n\n\n\n<p>11 Juillet 2025 Greg Solinas Solo &#8211; Paillote les Tamaris 20h<\/p>\n\n\n\n<p>12 Juillet 2025 Greg Solinas solo &#8211; L&rsquo;Alivetu Cuttoli &#8211; 20h30<\/p>\n\n\n\n<p>15 Juillet 2025 Greg Solinas solo &#8211; Radisson Blu Agosta 19h30<\/p>\n\n\n\n<p>16 Juillet 2025 Greg Solinas solo &#8211; Rondinara Chez Ange 18h<\/p>\n\n\n\n<p>17 Juillet 2025 Greg Solinas Solo &#8211; Les nocturnes de Sart\u00e8ne 20h<\/p>\n\n\n\n<p>19 Juillet 2025 Greg Solinas Solo &#8211; La cave \u00e0 Cicchetti 20h30<\/p>\n\n\n\n<p>20 Juillet 2025 Greg Solinas solo &#8211; Pila Canali 20h<\/p>\n\n\n\n<p>22 Juillet 2025 Greg Solinas Solo &#8211; Paillote les Tamaris 20h<\/p>\n\n\n\n<p>23 Juillet 2025 Greg Solinas Solo &#8211; Le Rustica 20h30<\/p>\n\n\n\n<p>24 Juillet 2025 Greg Solinas Solo &#8211; Les nocturnes de Sart\u00e8ne 20h<\/p>\n\n\n\n<p>25 Juillet 2025 Greg Solinas Solo &#8211; Les nocturnes d&rsquo;Ile Rousse 20h<\/p>\n\n\n\n<p>30 Juillet 2025 Greg Solinas solo &#8211; Rondinara Chez Ange 18h<\/p>\n\n\n\n<p>31 Juillet 2025 Greg Solinas Solo &#8211; Les nocturnes de Sart\u00e8ne 20h<\/p>\n\n\n\n<p>01 Aout  2025 Greg Solinas Solo &#8211; Les nocturnes d&rsquo;Ile Rousse 20h<\/p>\n\n\n\n<p>02 Aout 2025 Greg Solinas solo &#8211; Le Mandriale Carghjese 20h<\/p>\n\n\n\n<p>04 Aout 2025 Greg Solinas solo &#8211; chateau Marcantoni Cannelle Centuri 20h<\/p>\n\n\n\n<p>05 Aout 2025 Viaghjazz &#8211; Fabienne Marcangelli &#8211; Greg Solinas &#8211; Philippe Leiba &#8211; Auditorium de Pigna<\/p>\n\n\n\n<p>06 Aout 2025 Greg Solinas Solo &#8211; Paillote les Tamaris 20h<\/p>\n\n\n\n<p>07 Aout 2025 Greg Solinas Solo &#8211; Les nocturnes de Sart\u00e8ne 20h<\/p>\n\n\n\n<p>08 Aout 2025 Greg Solinas Solo &#8211; Le Rustica 20h30<\/p>\n\n\n\n<p>09 Aout 2025 Greg Solinas solo &#8211; L&rsquo;Alivetu Cuttoli &#8211; 20h30<\/p>\n\n\n\n<p>12 Aout 2025 Greg Solinas Solo &#8211; La cave \u00e0 Cicchetti 20h30<\/p>\n\n\n\n<p>13 Aout 2025 Greg Solinas solo &#8211; Rondinara Chez Ange 18h<\/p>\n\n\n\n<p>14 Aout 2025 Greg Solinas Solo &#8211; Les nocturnes de Sart\u00e8ne 20h<\/p>\n\n\n\n<p>16 Aout 2025 Greg Solinas solo &#8211; Le Mandriale Carghjese 20h<\/p>\n\n\n\n<p>19 Aout 2025 Greg Solinas Solo &#8211; Paillote les Tamaris 20h<\/p>\n\n\n\n<p>21 Aout 2025 Greg Solinas Solo &#8211; Gust&rsquo; \u00e9 basta golfe de Lava 20h30<\/p>\n\n\n\n<p>23 Aout 2025 Greg Solinas Solo &#8211; M\u00e9diath\u00e8que de Pietrosella 19h30<\/p>\n\n\n\n<p>24 Aout 2025 Greg Solinas Solo- I notte di Ruscana &#8211; Pinarello 20h<\/p>\n\n\n\n<p>26 Aout 2025 Greg Solinas Solo &#8211; Le Rustica 20h30<\/p>\n\n\n\n<p>27 Aout 2025 Greg Solinas solo &#8211; Rondinara Chez Ange 18h<\/p>\n\n\n\n<p>28 Aout 2025 Greg Solinas Solo &#8211; Les nocturnes de Sart\u00e8ne 20h<\/p>\n\n\n\n<p>30 Aout 2025 Greg Solinas solo &#8211; Le Mandriale Carghjese 20h<\/p>\n\n\n\n<p>06 Septembre 2025 Greg Solinas Solo \u2013 Paillote les Tamaris 20h<\/p>\n\n\n\n<p>8-13 Septembre 2025 &#8211; R\u00e9sidence \u00e0 Luri pour Viaghjazz Projet de Fabienne Marcangeli<\/p>\n\n\n\n<p>27 Septembre 2025 Ut O Pic Jazz Band &#8211; Mudaison &#8211; manifestation aux codalies<\/p>\n\n\n\n<p>10 Octobre 2025 Jazz Club S3#1 &#8211; Hommage \u00e0 Joe Pass &#8211; 19h Salle J Brel Prades le Lez<\/p>\n\n\n\n<p>11 Octobre 2025 Greg Solinas solo &#8211; Banyuls sur mer f\u00eate des vendanges \u00e0 partir de 11h <\/p>\n\n\n\n<p>6 Novembre &#8211; Conf\u00e9rence F Marcangeli &#8211; Greg Solinas &#8211; Ste Lucie de Porto vecchio 18h mediatheque<\/p>\n\n\n\n<p>15 Novembre &#8211; Greg Solinas solo &#8211; storie senza parolle sortie d&rsquo;album &#8211; St Drezery Salle Cardonnet 20h<\/p>\n\n\n\n<p>21 Novembre &#8211; Jazz Club S3#2 &#8211; Hommage \u00e0 Michel Petrucciani &#8211; 19h Salle J Brel Prades le Lez<\/p>\n\n\n\n<p>12 D\u00e9cembre &#8211; Jazz club S3#3 &#8211; Hommage \u00e0 Horace Silver &#8211; 19h Salle J Brel Prades le Lez<\/p>\n\n\n\n<p>9 Janvier 2026 Jazz club S3#4 &#8211; Hommage \u00e0 Duke Ellington &#8211; 19h Salle J Brel Prades le Lez<\/p>\n\n\n\n<p>17 Janvier 2026 Ut O Pic Jazz band &#8211; Eglise de st Jean de la blaqui\u00e8re 18h30<\/p>\n\n\n\n<p>19 Juin 2024 Greg Solinas solo &#8211; L&rsquo;Altore &#8211; Ile Rousse &#8211; 20h<\/p>\n\n\n\n<p>21 Juin 2024 Greg Solinas solo &#8211; F\u00eate de la musique &#8211; office de tourisme Bonifacio 20h<\/p>\n\n\n\n<p>27 Juin 2024 Greg Solinas solo &#8211; Les nocturnes de Sartene &#8211; 20h<\/p>\n\n\n\n<p>29 Juin 2024 Greg Solinas solo &#8211; Les tamaris &#8211; Agosta 20H<\/p>\n\n\n\n<p>01 Juillet 2024 Greg Solinas solo &#8211; Domaine Terra di Gaya 20h<\/p>\n\n\n\n<p>04 Juillet 2024 Greg Solinas solo &#8211; Les nocturnes de Sartene &#8211; 20h<\/p>\n\n\n\n<p>05 Juillet 2024 Greg Solinas solo &#8211; Les nocturnes de Ghisonaccia 20h<\/p>\n\n\n\n<p>06 Juillet 2024 Greg Solinas solo &#8211; Les tamaris &#8211; Agosta 20H<\/p>\n\n\n\n<p>07 Juillet 2024 Greg Solinas solo &#8211; Le 20140 Porto pollo 20h<\/p>\n\n\n\n<p>08 Juillet 2024 Greg Solinas solo &#8211; Le Rustica &#8211; Verghja 20h<\/p>\n\n\n\n<p>10 Juillet 2024 Greg Solinas Solo &#8211; Paillote l&rsquo;Oriu Ruppionu 20h<\/p>\n\n\n\n<p>11 Juillet 2024 Greg Solinas solo &#8211; Les nocturnes de Sartene &#8211; 20h<\/p>\n\n\n\n<p>13 Juillet 2024 Greg Solinas solo &#8211; L&rsquo;Alivettu &#8211; Cuttoli 20h<\/p>\n\n\n\n<p>14 Juillet 2024 Greg Solinas solo &#8211; Le 20140 Porto pollo 20h<\/p>\n\n\n\n<p>15 Juillet 2024 Greg Solinas solo &#8211; Camping Le Sud 20h<\/p>\n\n\n\n<p>16 Juillet 2024 Greg Solinas solo &#8211; Le Radisson Agosta 19h30<\/p>\n\n\n\n<p>17 Juillet 2024 Greg Solinas solo &#8211; Chez Ange &#8211; Rondinara 18h<\/p>\n\n\n\n<p>18 Juillet 2024 Greg Solinas  guitare &#8211; Pila Canali -18h<\/p>\n\n\n\n<p>19 Juillet 2024 &#8211; Greg Solinas Tonino De Sensi &#8211; Canelle Centuri chateau Marcantoni 20h<\/p>\n\n\n\n<p>20 Juillet 2024 &#8211; Greg Solinas Tonino De Sensi &#8211; Cap Corse 20h<\/p>\n\n\n\n<p>21 Juillet 2024 Greg Solinas solo &#8211; Le 20140 Porto pollo 20h<\/p>\n\n\n\n<p>23 Juillet 2024 Greg Solinas solo &#8211; Le Radisson Agosta 19h30<\/p>\n\n\n\n<p>24 Juillet 2024 Greg Solinas &#8211; Tonino de Sensi &#8211; Domaine Terra di Gaya 19h<\/p>\n\n\n\n<p>25 Juillet 2024 Greg Solinas solo &#8211; Les nocturnes de Sartene &#8211; 20h<\/p>\n\n\n\n<p>27 Juillet 2024 Greg Solinas solo &#8211; Le Mandriale Cargh\u00e8se 20h<\/p>\n\n\n\n<p>28 Juillet 2024 Greg Solinas solo &#8211; Le 20140 Porto pollo 20h<\/p>\n\n\n\n<p>29 Juillet 2024 Greg Solinas solo &#8211; Le Rustica &#8211; Verghja 20h<\/p>\n\n\n\n<p>31 Juillet 2024 Greg Solinas solo &#8211; Chez Ange &#8211; Rondinara 18h<\/p>\n\n\n\n<p>01 Aout 2024 Greg Solinas solo &#8211; Les nocturnes de Sartene &#8211; 20h<\/p>\n\n\n\n<p>02 Aout 2024 -Greg Solinas solo &#8211; Les nocturnes d&rsquo;ile Rousse -19h<\/p>\n\n\n\n<p>03 Aout 2024 Greg Solinas solo &#8211; L&rsquo;Alivettu &#8211; Cuttoli 20h<\/p>\n\n\n\n<p>04 Aout 2024 Greg Solinas solo &#8211; Le 20140 Porto pollo 20h<\/p>\n\n\n\n<p>06 Aout 2024 Greg Solinas solo &#8211; Da bei e da manghja &#8211; Ghisoni &#8211; 20h<\/p>\n\n\n\n<p>08 Aout 2024 Greg Solinas solo &#8211; Les nocturnes de Sartene &#8211; 20h<\/p>\n\n\n\n<p>09 Aout 2024 -Greg Solinas solo &#8211; Les nocturnes d&rsquo;ile Rousse -19h <\/p>\n\n\n\n<p>10 Aout 2024 Greg Solinas solo &#8211; Le Mandriale Cargh\u00e8se 20h<\/p>\n\n\n\n<p>11 Aout 2024 Greg Solinas solo &#8211; Le 20140 Porto pollo 20h<\/p>\n\n\n\n<p>12 Aout 2024 Greg Solinas solo &#8211; Le Rustica &#8211; Verghja 20h<\/p>\n\n\n\n<p>13 Aout 2024 Greg Solinas Solo &#8211; Cave \u00e0 vin Agosta 20h<\/p>\n\n\n\n<p>14 Aout 2024 Greg Solinas solo &#8211; Chez Ange &#8211; Rondinara 18h<\/p>\n\n\n\n<p>15 Aout 2024 Greg Solinas solo &#8211; Les nocturnes de Sartene &#8211; 20h<\/p>\n\n\n\n<p>16 Aout 2024 Greg Solinas solo &#8211; Les nocturnes de Ghisonaccia 20h<\/p>\n\n\n\n<p>18 Aout 2024 Greg Solinas solo &#8211; Le 20140 Porto pollo 20h<\/p>\n\n\n\n<p>20 Aout 2024 Greg Solinas solo &#8211; Le Radisson Agosta 19h30<\/p>\n\n\n\n<p>21 Aout 2024 Greg Solinas solo &#8211; Les tamaris &#8211; Agosta 20H<\/p>\n\n\n\n<p>22 Aout 2024 Greg Solinas solo &#8211; Les nocturnes de Sartene &#8211; 20h<\/p>\n\n\n\n<p>23 Aout 2024 -Greg Solinas solo &#8211; Les nocturnes d&rsquo;ile Rousse -19h<\/p>\n\n\n\n<p>25 Aout 2024 Greg Solinas solo &#8211; Le 20140 Porto pollo 20h<\/p>\n\n\n\n<p>26 Aout 2024 Greg Solinas solo &#8211; Le Rustica &#8211; Verghja 20h<\/p>\n\n\n\n<p>29 Aout 2024 Greg Solinas solo &#8211; Les nocturnes de Sartene &#8211; 20h<\/p>\n\n\n\n<p>30 Aout 2024 Greg Solinas solo &#8211; Les nocturnes de Ghisonaccia 20h<\/p>\n\n\n\n<p>01 Septembre Greg Solinas solo &#8211; Le 20140 Porto pollo 20h<\/p>\n\n\n\n<p>07 Septembre 2024 Greg Solinas solo &#8211; Les tamaris &#8211; Agosta 20H<\/p>\n\n\n\n<p>27 Septembre 2024 Ut O Pic Jazz Club &#8211; Hommage \u00e0 Ben Webster 20h Salle J Brel Prades le Lez<\/p>\n\n\n\n<p>19 Octobre 2024 Ut O Pic Jazz Band <em><strong>Salle EL SALON DE TANGO<\/strong><\/em> Fr\u00e9jorgues Ouest34 130 MAUGUIO 20h<\/p>\n\n\n\n<p>8 Novembre 2024 Ut O Pic Jazz Club &#8211; Hommage \u00e0 Benny Golson 20h Salle J Brel &#8211; Prades le lez 20h<\/p>\n\n\n\n<p>22,23,24 Novembre Greg Solinas solo &#8211; St Dr\u00e9z\u00e9ry salle Brassens &#8211; salon de l&rsquo;artisanat 18h30<\/p>\n\n\n\n<p>13 D\u00e9cembre 2024 Ut O Pic Jazz Club &#8211; Hommage \u00e0 Eddy Louiss 20h Salle J Brel Pardes le lez<\/p>\n\n\n\n<p>14 D\u00e9cembre 2024 Jazz Ut O Pic &#8211; Le bosc 18h30<\/p>\n\n\n\n<p>10 Janvier 2025 Ut O Pic Jazz Club &#8211; Hommage \u00e0 Jimmy Raney 20h Salle J Brel Pardes le lez<\/p>\n\n\n\n<p>7 F\u00e9vrier 2025 Ut O Pic Jazz Band &#8211; Open musical de St Vincent de Barbeyrargues 20h<\/p>\n\n\n\n<p>14 Fevrier 2025 Ut O Pic Jazz Club &#8211; Soir\u00e9e sp\u00e9ciale St Valentin 20h Salle J Brel Pardes le lez<\/p>\n\n\n\n<p>28 Fev 1 et 2 Mars Master Class St Ambroix \u00e9cole de musique Ceze Cevennes 10h-19h<\/p>\n\n\n\n<p>14 Mars 2025 Ut O Pic Jazz Club &#8211; Hommage \u00e0 Django Reinhardt &#8211; Salle J brel Prades le lez 19h<\/p>\n\n\n\n<p>10 Novembre 2023 Jazz Club Prades le Lez 20h<\/p>\n\n\n\n<p>11 Novembre 2023 Greg Solinas &#8211; Tonino De Sensi &#8211; concert priv\u00e9 St Dr\u00e9z\u00e9ry<\/p>\n\n\n\n<p>Du 21 au 28 tourn\u00e9e Italienne Greg Solinas Tonino De Sensi &#8211; Milan &#8211; Orte (Roma) &#8211; Florence &#8211; <\/p>\n\n\n\n<p>1 D\u00e9cembre Ut O Pic Jazz Band &#8211; St Vincent de Barbeyrargues 20h <\/p>\n\n\n\n<p>3 Decembre 2023 Greg Solinas solo &#8211; St Dr\u00e9z\u00e9ry salle Brassens 18H<\/p>\n\n\n\n<p>6 D\u00e9cembre 2023 Greg Solinas &#8211; Sandrine Ros &#8211; Le Victor &#8211; S\u00e8te 20h00<\/p>\n\n\n\n<p>8 D\u00e9cembre 2023 Ut O Pic Jazz Club &#8211; Hommage \u00e0 Chet Baker &#8211; Salle J Brel Prades le lez 20 h<\/p>\n\n\n\n<p>12 Janvier 2024 Jazz Club#4 hommage \u00e0 S Rollins &#8211; \u00e0 Prades le lez 20h <\/p>\n\n\n\n<p>13 Janvier Greg Solinas 4 tet &#8211; Barjac Voeux de la mairie 20 h<\/p>\n\n\n\n<p>9 Fevrier 2024 Jazz Club#5 Hommage \u00e0 Oscar Peterson &#8211; Salle J Brel Prades le lez 20 h<\/p>\n\n\n\n<p>8 Mars 2024 Jazz Club#6 Hommage \u00e0 Ella Fitzgerald &#8211; Salle J Brel Prades le lez 20h<\/p>\n\n\n\n<p>9-10 Mars Master class improvisation &#8211; L&rsquo;entr\u00e9e des artistes st Ambroix 14h<\/p>\n\n\n\n<p>15 Mars 2024 Ut O Pic Jazz Band &#8211; St Dr\u00e9z\u00e9ry Salle Barssens 19h30<\/p>\n\n\n\n<p>21 Mars Greg Solinas solo &#8211; magasin Ixina Rn 113 Montpellier 19h30<\/p>\n\n\n\n<p>24 Mars Invitation au concert de fin de stage &#8211; Patrice H\u00e9ral, Fred L\u00e9ger, Alain Micas, Jean Gobinet &#8211; Clapiers 20h<\/p>\n\n\n\n<p>26 Avril 2024 &#8211; Hommage \u00e0 Oscar Peterson &#8211; Ph Rosengoltz &#8211; Patrice H\u00e9ral- fred Leger &#8211;  Clapiers 20h<\/p>\n\n\n\n<p>27 Avril 2024 Ut O Pic jazz band St Cl\u00e9ment de Rivi\u00e8re 20H<\/p>\n\n\n\n<p>28 Avril 2024 Greg Solinas solo &#8211; St Dr\u00e9z\u00e9ry soir\u00e9e priv\u00e9e<\/p>\n\n\n\n<p>10 Mai 2024 Jazz Club Prades le Lez &#8211; Hommage \u00e0 Metheny &#8211; Jean Marie Frederic &#8211; Fred Leger &#8211; Patrice H\u00e9ral &#8211; salle J brel 19h<\/p>\n\n\n\n<p>10 juin 2023 Soir\u00e9e priv\u00e9e Vic la gardiole Greg Solinas trio<\/p>\n\n\n\n<p>11 Juin 2023 Concert de fin d&rsquo;ann\u00e9e Cordes swing &#8211; Domaine de cassagnole Prades le lez 17h00<\/p>\n\n\n\n<p>23 Juin 2023 Greg Solinas solo &#8211; I cinque sensi di luna &#8211; Golfe de lava 19h30<\/p>\n\n\n\n<p>24 Juin 2023 Greg Solinas solo Paillotte les Tamaris Agosta plage 19h00<\/p>\n\n\n\n<p>25 Juin 2023 Soir\u00e9e Corse Pietrosella village 19h00<\/p>\n\n\n\n<p>30 Juin 2023 &#8211; Greg Solinas Tullia Morand (Sax) Duo Le burger des iles Pietracorbara 20h30<\/p>\n\n\n\n<p>2 Juillet 2023 &#8211; Greg Solinas Solo &#8211; Le 20140 Porto pollo 20h<\/p>\n\n\n\n<p>3 Juillet 2023 &#8211; Greg Solinas solo Camping Panoramic Lumio 19h30<\/p>\n\n\n\n<p>4 Juillet 2023 &#8211; Greg Solinas solo Radisson Blu Agosta 19h30<\/p>\n\n\n\n<p>5 Juillet 2023 &#8211; Greg Solinas solo &#8211; U Saltu &#8211; bar a pizza &#8211; Ruppionu 19h<\/p>\n\n\n\n<p>8 Juillet 2023  &#8211; Greg Solinas solo &#8211; I cinque sensi di luna &#8211; Golfe de lava 19h30<\/p>\n\n\n\n<p>9 Juillet 2023 &#8211; Greg Solinas Solo &#8211; Le 20140 Porto pollo 20h<\/p>\n\n\n\n<p>13 juillet 2023 &#8211; Greg Solinas &#8211; Tullia Morand &#8211; Ile Rousse les nocturnes 19h<\/p>\n\n\n\n<p>14 Juillet &#8211; Greg Solinas solo &#8211; Les nocturnes de Ghisonnaccia 21h<\/p>\n\n\n\n<p>16 Juillet 2023 &#8211; Greg Solinas Solo &#8211; Le 20140 Porto pollo 20h<\/p>\n\n\n\n<p>19 Juillet 2023  Greg Solinas solo Paillotte les Tamaris Agosta plage 20h00<\/p>\n\n\n\n<p>21 Juillet 2023 Greg Solinas solo &#8211; L&rsquo;alivettu Cuttoli 20h00<\/p>\n\n\n\n<p>22 Juillet 2023 Greg Solinas solo &#8211; I cinque sensi di luna &#8211; Golfe de lava 19h30<\/p>\n\n\n\n<p>23 Juillet 2023 &#8211; Greg Solinas Solo &#8211; Le 20140 Porto pollo 20h<\/p>\n\n\n\n<p>25 Juillet 2023 &#8211; Greg Solinas solo Radisson Blu Agosta 19h30<\/p>\n\n\n\n<p>26 Juillet 2023 Greg Solinas solo Paillotte les Tamaris Agosta plage 20h00<\/p>\n\n\n\n<p>27 Juillet 2023 &#8211; Greg Solinas solo Camping Panoramic Lumio 19h30<\/p>\n\n\n\n<p>28 Juillet 2023 13 juillet 2023 &#8211; Greg Solinas solo &#8211; Ile Rousse les nocturnes 19h<\/p>\n\n\n\n<p>29 Juillet 2023 Greg Solinas solo Le Mandriale Carghese 20h00<\/p>\n\n\n\n<p>30 Juillet 2023 &#8211; Greg Solinas Solo &#8211; Le 20140 Porto pollo 20h<\/p>\n\n\n\n<p>3 Aout 2023 &#8211; Greg Solinas solo &#8211; Bar a vin Agosta plage &#8211; 19h30<\/p>\n\n\n\n<p>4 Aout 2023 &#8211; Greg Solinas solo &#8211; U lustinconu Cargese 20h<\/p>\n\n\n\n<p>5 Aout 2023 &#8211; Greg Solinas solo I cinque sensi di luna &#8211; Golfe de lava 19h30<\/p>\n\n\n\n<p>6 Aout 2023 &#8211; Greg Solinas Solo &#8211; Le 20140 Porto pollo 20h<\/p>\n\n\n\n<p>8 Aout 2023 &#8211; Greg Solinas solo &#8211; Da bei e da manghja Ghisoni 20h00<\/p>\n\n\n\n<p>9 Aout 2023 Greg Solinas solo Paillotte les Tamaris Agosta plage 20h00<\/p>\n\n\n\n<p>11 Aout 2023 Greg Solinas &#8211; Pierre Mimran (Sax) Duo U lustinconu Cargese 20h<\/p>\n\n\n\n<p>12 Aout 2023 Greg Solinas solo &#8211; L&rsquo;alivettu Cuttoli 20h00<\/p>\n\n\n\n<p>13 Aout 2023 &#8211; Greg Solinas Solo &#8211; Le 20140 Porto pollo 20h<\/p>\n\n\n\n<p>14 Aout 2023 Greg Solinas solo Paillotte les Tamaris Agosta plage 20h00<\/p>\n\n\n\n<p>16 Aout 2023 Greg Solinas solo Radisson Blu Agosta 19h30<\/p>\n\n\n\n<p>17 Aout 2023 Greg Solinas Tullia Morand &#8211; L&rsquo;Amba Agosta plage 20h00<\/p>\n\n\n\n<p>19 Aout 2023 &#8211; Greg Solinas solo I cinque sensi di luna &#8211; Golfe de lava 19h30<\/p>\n\n\n\n<p>20 Aout 2023 &#8211; Greg Solinas Solo &#8211; Le 20140 Porto pollo 20h<\/p>\n\n\n\n<p>21 Aout 2023 &#8211; Greg Solinas solo Camping Panoramic Lumio 19h30<\/p>\n\n\n\n<p>22 Aout 2023 &#8211; Greg Solinas solo Centuri Canelle Chateau Marcantoni 20h00<\/p>\n\n\n\n<p>25 Aout 2023 &#8211; Greg Solinas solo Le Mandriale Carghese 20h00<\/p>\n\n\n\n<p>26 Aout 2023 &#8211; Greg Solinas Tullia Morand &#8211; Rennu in festa 20h00<\/p>\n\n\n\n<p>27 Aout 2023 &#8211; Greg Solinas Solo &#8211; Le 20140 Porto pollo 20h<\/p>\n\n\n\n<p>1 Sept 2023 Greg Solinas solo Paillotte les Tamaris Agosta plage 20h00<\/p>\n\n\n\n<p>2 Sept 2023 &#8211; Greg Solinas solo I cinque sensi di luna &#8211; Golfe de lava 19h30<\/p>\n\n\n\n<p>3 Sept 2023 &#8211; Soir\u00e9e Corse Radisson Blu Agosta 19h30<\/p>\n\n\n\n<p>6 Sept 2023 Greg Solinas solo Paillotte les Tamaris Agosta plage 20h00<\/p>\n\n\n\n<p>7 Oct 2023 Greg Solinas solo Banyuls sur mer salon du vin a partir de 12h<\/p>\n\n\n\n<p>13 Oct 2023 Jazz Club Hommage \u00e0 Parker Salle J brel Prades le lez 20h<\/p>\n\n\n\n<p>20 Oct 2023 Hommage \u00e0 Azema family &#8211; Conservatoire de Montpellier 19h<\/p>\n\n\n\n<p>12 Juin 2022 &#8211; Concert des \u00e9l\u00e8ves de Prades le Lez 17h Domaine de cassagnole<\/p>\n\n\n\n<p>18 Juin F\u00eate de la musique Prades le Lez 19h<\/p>\n\n\n\n<p>21 Juin BBS quartet \u00e0 Bess\u00e8ges  19h <\/p>\n\n\n\n<p>26 Juin Hotel Radisson Blu Agosta soir\u00e9e Corse 19h30<\/p>\n\n\n\n<p>07 Juillet 2022 Soir\u00e9e Corse Rustica 20h30<\/p>\n\n\n\n<p>08 Juillet 2022 Greg Solinas solo U Listincu 20h30<\/p>\n\n\n\n<p>10 Juillet 2022 Greg Solinas solo Le 20140 Porto pollo<\/p>\n\n\n\n<p>11 Juillet 2022 Greg Solinas solo Camping Panoramic Lumio 19h30<\/p>\n\n\n\n<p>13 Juillet 2022 Greg Solinas solo camping Le sud Ruppionu 20h00<\/p>\n\n\n\n<p>14 Juillet 2022 Paillote les Tamaris 19h30<\/p>\n\n\n\n<p>15 Juillet 2022 Greg Solinas solo Renno 19h &#8211; Master class 16 Juillet 10h<\/p>\n\n\n\n<p>17 Juillet 2022 Greg Solinas solo Le 20140 Porto pollo<\/p>\n\n\n\n<p>20 Juillet 2022 Greg Solinas solo camping Le sud Ruppionu 20h00<\/p>\n\n\n\n<p>21 Juillet 2022 Greg Solinas Solo &#8211; I cinque sensi di Luna 20h &#8211; Lava<\/p>\n\n\n\n<p>22 Juillet Greg Solinas solo Le grand bleu Poggioli 19h00<\/p>\n\n\n\n<p>23 Juillet 4tet Solinas-Moran-Mimran-De Sensi Guarguale 20h30<\/p>\n\n\n\n<p>24 Juillet Greg Solinas solo Le 20140 Porto pollo<\/p>\n\n\n\n<p>26 Juillet Greg Solinas solo Radisson Blu Agosta 19h30<\/p>\n\n\n\n<p>28 Juillet  Greg Solinas trio &#8211; Le rustica 20h30<\/p>\n\n\n\n<p>29 Juillet 2022 Greg Solinas trio Caf\u00e9 de la Tour Nonza 20h<\/p>\n\n\n\n<p>30 Juillet Greg Solinas trio L&rsquo;avenue Ghisonaccia 20h<\/p>\n\n\n\n<p>31 Juillet Greg Solinas Trio Le 20140 Porto pollo<\/p>\n\n\n\n<p>1 Aout Greg Solinas Trio Camping Panoramic Lumio 19H30<\/p>\n\n\n\n<p>4 Aout Greg Solinas Trio Centuri 20h00<\/p>\n\n\n\n<p>5 Aout Greg Solinas trio Barcaggio 19h00<\/p>\n\n\n\n<p>7 Aout Greg Solinas solo Le 20140 Porto Pollo<\/p>\n\n\n\n<p>8 Aout Greg Solinas solo Camping de l&rsquo;Avena Tizzano 20h00<\/p>\n\n\n\n<p>9 Aout Da bei e da maghja Ghisoni 19h30<\/p>\n\n\n\n<p>12 Aout 2022 Greg Solinas solo Camping le Mandriale Carg\u00e8se 19h30<\/p>\n\n\n\n<p>13 Aout 2022 Greg Solinas &#8211; Tullia Morand Pila Canali 20h30<\/p>\n\n\n\n<p>14 Aout 2022 Greg Solinas solo Le 20140 Porto Pollo<\/p>\n\n\n\n<p>15 Aout 2022 Greg Solinas Solo Paillote les Tamaris 19h30<\/p>\n\n\n\n<p>16 Aout Greg Solinas solo Radisson Blu Agosta 19h30<\/p>\n\n\n\n<p>21 Aout 2022 Greg Solinas Solo Le 20140 Porto pollo<\/p>\n\n\n\n<p>22 Aout Greg Solinas solo camping Panoramic Lumio 19h30<\/p>\n\n\n\n<p>26 Aout 2022 Greg Solinas Solo &#8211; I cinque sensi di Luna 20h &#8211; Lava<\/p>\n\n\n\n<p>28 Aout 2022 Greg Solinas solo Le 20140 Porto Pollo<\/p>\n\n\n\n<p>4 Sept Soir\u00e9e Corse Radisson Blu Agosta 19h30<\/p>\n\n\n\n<p>10 Sept Greg Solinas Solo &#8211; La Ferme Agosta plage 21h00<\/p>\n\n\n\n<p>30 Sept Greg Solinas WES BOUND 4 tet &#8211; Chateau de chabrieres St Restitut (Drome)<\/p>\n\n\n\n<p>31 Oct Ut O Pic Jazz Band &#8211; Vendatgues Caf\u00e9 du commerce 21h<\/p>\n\n\n\n<p>25 Nov Greg Solinas solo &#8211; salon de l&rsquo;artisanat St Dr\u00e9z\u00e9ry salle Brassens 18h30<\/p>\n\n\n\n<p>26 Nov Greg Solinas solo &#8211; salon de l&rsquo;artisanat St Dr\u00e9z\u00e9ry salle Brassens 16h30<\/p>\n\n\n\n<p>27 Nov Greg Solinas solo &#8211; salon de l&rsquo;artisanat St Dr\u00e9z\u00e9ry salle Brassens 16h30<\/p>\n\n\n\n<p>2 D\u00e9c  Ut O Pic Jazz Band &#8211; Open musical de St Vincent de Barbeyrargues 20h<\/p>\n\n\n\n<p>3 D\u00e9c Duo avec L\u00e9o Chazallet (Basse) Le Mas Des Justes &#8211; Saint Just et Vacquieres &#8211; 12h<\/p>\n\n\n\n<p>4 D\u00e9cembre Greg Solinas solo &#8211; St Dr\u00e9z\u00e9ry salle Brassens &#8211; Journ\u00e9e ateliers z\u00e9ro d\u00e9chets 17h00<\/p>\n\n\n\n<p>31 Mars 2023 Jazz Club de Prades le Lez &#8211; salle J Brel 19h<\/p>\n","protected":false},"excerpt":{"rendered":"<p>13 F\u00e9vrier 2026 Jazz club S3#5 &#8211; Hommage \u00e0 Milt Jackson Prades le lez Salle J brel 19h 14 Fevrier 2026 Greg Solinas 4tet St Cezaire de Gozignan 20h 21 Fevrier 2026 Ut O Pic Jazz Band &#8211; St Dr\u00e9z\u00e9ry Salle Brassens 20h 6 Mars 2026.Ut O Pic jazz Club S3#6 &#8211; Hommage \u00e0 Sarah [&hellip;]<\/p>\n","protected":false},"author":1,"featured_media":0,"parent":0,"menu_order":0,"comment_status":"closed","ping_status":"closed","template":"","meta":{"spay_email":""},"_links":{"self":[{"href":"https:\/\/gregsolinas.fr\/index.php?rest_route=\/wp\/v2\/pages\/115"}],"collection":[{"href":"https:\/\/gregsolinas.fr\/index.php?rest_route=\/wp\/v2\/pages"}],"about":[{"href":"https:\/\/gregsolinas.fr\/index.php?rest_route=\/wp\/v2\/types\/page"}],"author":[{"embeddable":true,"href":"https:\/\/gregsolinas.fr\/index.php?rest_route=\/wp\/v2\/users\/1"}],"replies":[{"embeddable":true,"href":"https:\/\/gregsolinas.fr\/index.php?rest_route=%2Fwp%2Fv2%2Fcomments&post=115"}],"version-history":[{"count":164,"href":"https:\/\/gregsolinas.fr\/index.php?rest_route=\/wp\/v2\/pages\/115\/revisions"}],"predecessor-version":[{"id":476,"href":"https:\/\/gregsolinas.fr\/index.php?rest_route=\/wp\/v2\/pages\/115\/revisions\/476"}],"wp:attachment":[{"href":"https:\/\/gregsolinas.fr\/index.php?rest_route=%2Fwp%2Fv2%2Fmedia&parent=115"}],"curies":[{"name":"wp","href":"https:\/\/api.w.org\/{rel}","templated":true}]}}